{"id":26349,"date":"2019-11-17T13:35:07","date_gmt":"2019-11-17T13:35:07","guid":{"rendered":"https:\/\/westys.nl\/product\/oldtimer-westfalia-trailer-aufkleber-logo\/"},"modified":"2019-11-17T13:35:07","modified_gmt":"2019-11-17T13:35:07","slug":"westfalia-logo-aufkleber","status":"publish","type":"product","link":"https:\/\/westys.nl\/de\/product\/westfalia-logo-aufkleber\/","title":{"rendered":"Oldtimer Westfalia Trailer Aufkleber Logo"},"content":{"rendered":"<p>Der Westfalia-Logo-Aufkleber ist eine Reproduktion. Eine gro\u00dfartige Erg\u00e4nzung f\u00fcr Ihren Anh\u00e4nger.<\/p>\n<p>Der Aufkleber wird auf den meisten Westfalia-Anh\u00e4ngern ab 1969 verwendet. F\u00fcr 1969 wurde das Westfalia Anh\u00e4nger Logo (<span style=\"color: #808000;\"><strong><a style=\"color: #808000;\" href=\"http:\/\/westys.nl\/product\/westfalia-anhanger-logo\/\">Art.-Nr. 0000.01.001<\/a><\/strong><\/span>) angewendet. F\u00fcr den englischen Markt gibt es eine weitere Option, n\u00e4mlich Westfalia Happy Wanderer (<span style=\"color: #808000;\"><strong><a style=\"color: #808000;\" href=\"http:\/\/westys.nl\/product\/westfalia-happy-wanderer-logo-repro\/\">Art.-Nr. 0000.01.002<\/a><\/strong><\/span>).<\/p>\n","protected":false},"excerpt":{"rendered":"<p>Der Westfalia-Logo-Aufkleber ist eine Reproduktion. Eine gro\u00dfartige Erg\u00e4nzung f\u00fcr Ihren Anh\u00e4nger. Der Aufkleber wird auf den meisten Westfalia-Anh\u00e4ngern ab 1969 verwendet. F\u00fcr 1969 wurde das Westfalia Anh\u00e4nger Logo (Art.-Nr. 0000.01.001) angewendet. F\u00fcr den englischen Markt gibt es eine weitere Option, n\u00e4mlich Westfalia Happy Wanderer (Art.-Nr. 0000.01.002).<\/p>\n","protected":false},"featured_media":21828,"template":"","meta":[],"product_cat":[794,803,692,695,776,693,698,703,778,686,687,896,795,696,706,702,707,699,705,777,701,694,700,691,697,689,728,690,704,688],"product_tag":[],"_links":{"self":[{"href":"https:\/\/westys.nl\/de\/wp-json\/wp\/v2\/product\/26349"}],"collection":[{"href":"https:\/\/westys.nl\/de\/wp-json\/wp\/v2\/product"}],"about":[{"href":"https:\/\/westys.nl\/de\/wp-json\/wp\/v2\/types\/product"}],"version-history":[{"count":0,"href":"https:\/\/westys.nl\/de\/wp-json\/wp\/v2\/product\/26349\/revisions"}],"wp:featuredmedia":[{"embeddable":true,"href":"https:\/\/westys.nl\/de\/wp-json\/wp\/v2\/media\/21828"}],"wp:attachment":[{"href":"https:\/\/westys.nl\/de\/wp-json\/wp\/v2\/media?parent=26349"}],"wp:term":[{"taxonomy":"product_cat","embeddable":true,"href":"https:\/\/westys.nl\/de\/wp-json\/wp\/v2\/product_cat?post=26349"},{"taxonomy":"product_tag","embeddable":true,"href":"https:\/\/westys.nl\/de\/wp-json\/wp\/v2\/product_tag?post=26349"}],"curies":[{"name":"wp","href":"https:\/\/api.w.org\/{rel}","templated":true}]}}