{"id":26351,"date":"2019-12-01T21:06:16","date_gmt":"2019-12-01T21:06:16","guid":{"rendered":"https:\/\/westys.nl\/product\/oldtimer-westfalia-anhaenger-tretstuetze-achse\/"},"modified":"2019-12-01T21:06:16","modified_gmt":"2019-12-01T21:06:16","slug":"westfalia-essen-as-t-b-v-sam-support","status":"publish","type":"product","link":"https:\/\/westys.nl\/de\/product\/westfalia-essen-as-t-b-v-sam-support\/","title":{"rendered":"Oldtimer Westfalia Anh\u00e4nger Tretst\u00fctze Achse"},"content":{"rendered":"<p>Die Westfalia Essen-Achse. Dies ist Teil der Westfalia Essen Kompositionsf\u00f6rderung Luxus (<span style=\"color: #808000;\"><a style=\"color: #808000;\" href=\"http:\/\/westys.nl\/product\/westfalia-essen-steun\/\"><strong>Art.-Nr. 0100.11.000<\/strong><\/a><\/span>) . Der Schaft ist aus Stahl gefertigt.<\/p>\n","protected":false},"excerpt":{"rendered":"<p>Die Westfalia Essen-Achse. Dies ist Teil der Westfalia Essen Kompositionsf\u00f6rderung Luxus (Art.-Nr. 0100.11.000) . Der Schaft ist aus Stahl gefertigt.<\/p>\n","protected":false},"featured_media":22686,"template":"","meta":[],"product_cat":[931,778,795],"product_tag":[],"_links":{"self":[{"href":"https:\/\/westys.nl\/de\/wp-json\/wp\/v2\/product\/26351"}],"collection":[{"href":"https:\/\/westys.nl\/de\/wp-json\/wp\/v2\/product"}],"about":[{"href":"https:\/\/westys.nl\/de\/wp-json\/wp\/v2\/types\/product"}],"version-history":[{"count":0,"href":"https:\/\/westys.nl\/de\/wp-json\/wp\/v2\/product\/26351\/revisions"}],"wp:featuredmedia":[{"embeddable":true,"href":"https:\/\/westys.nl\/de\/wp-json\/wp\/v2\/media\/22686"}],"wp:attachment":[{"href":"https:\/\/westys.nl\/de\/wp-json\/wp\/v2\/media?parent=26351"}],"wp:term":[{"taxonomy":"product_cat","embeddable":true,"href":"https:\/\/westys.nl\/de\/wp-json\/wp\/v2\/product_cat?post=26351"},{"taxonomy":"product_tag","embeddable":true,"href":"https:\/\/westys.nl\/de\/wp-json\/wp\/v2\/product_tag?post=26351"}],"curies":[{"name":"wp","href":"https:\/\/api.w.org\/{rel}","templated":true}]}}