{"id":26360,"date":"2020-01-26T20:03:50","date_gmt":"2020-01-26T20:03:50","guid":{"rendered":"https:\/\/westys.nl\/product\/oldtimer-westfalia-anhaenger-k13319-montageplatte-fuer-ruecklicht\/"},"modified":"2020-01-26T20:03:50","modified_gmt":"2020-01-26T20:03:50","slug":"westfalia-montageplatte-t-b-v-zusammensetzung-rucklicht-k13319","status":"publish","type":"product","link":"https:\/\/westys.nl\/de\/product\/westfalia-montageplatte-t-b-v-zusammensetzung-rucklicht-k13319\/","title":{"rendered":"Oldtimer Westfalia Anh\u00e4nger K13319 Montageplatte f\u00fcr R\u00fccklicht"},"content":{"rendered":"<p>Die Westfalia k13319 Montageplatte f\u00fcr R\u00fccklicht. Diese Platte ist neu und dient zur Befestigung der kompletten Lampe an der Karosserie des Anh\u00e4ngers.<\/p>\n","protected":false},"excerpt":{"rendered":"<p>Die Westfalia k13319 Montageplatte f\u00fcr R\u00fccklicht. Diese Platte ist neu und dient zur Befestigung der kompletten Lampe an der Karosserie des Anh\u00e4ngers.<\/p>\n","protected":false},"featured_media":22020,"template":"","meta":[],"product_cat":[794,692,695,693,698,703,686,687,896,696,706,702,707,699,705,701,694,700,691,697,689,728,690,704,688],"product_tag":[],"_links":{"self":[{"href":"https:\/\/westys.nl\/de\/wp-json\/wp\/v2\/product\/26360"}],"collection":[{"href":"https:\/\/westys.nl\/de\/wp-json\/wp\/v2\/product"}],"about":[{"href":"https:\/\/westys.nl\/de\/wp-json\/wp\/v2\/types\/product"}],"version-history":[{"count":0,"href":"https:\/\/westys.nl\/de\/wp-json\/wp\/v2\/product\/26360\/revisions"}],"wp:featuredmedia":[{"embeddable":true,"href":"https:\/\/westys.nl\/de\/wp-json\/wp\/v2\/media\/22020"}],"wp:attachment":[{"href":"https:\/\/westys.nl\/de\/wp-json\/wp\/v2\/media?parent=26360"}],"wp:term":[{"taxonomy":"product_cat","embeddable":true,"href":"https:\/\/westys.nl\/de\/wp-json\/wp\/v2\/product_cat?post=26360"},{"taxonomy":"product_tag","embeddable":true,"href":"https:\/\/westys.nl\/de\/wp-json\/wp\/v2\/product_tag?post=26360"}],"curies":[{"name":"wp","href":"https:\/\/api.w.org\/{rel}","templated":true}]}}