{"id":26361,"date":"2019-12-01T11:08:56","date_gmt":"2019-12-01T11:08:56","guid":{"rendered":"https:\/\/westys.nl\/product\/oldtimer-westfalia-anhaenger-tretstuetzhuelse\/"},"modified":"2019-12-01T11:08:56","modified_gmt":"2019-12-01T11:08:56","slug":"westfalia-eschenrohr-t-b-v-zusammensetzung-trager-luxus","status":"publish","type":"product","link":"https:\/\/westys.nl\/de\/product\/westfalia-eschenrohr-t-b-v-zusammensetzung-trager-luxus\/","title":{"rendered":"Oldtimer Westfalia Anh\u00e4nger Tretst\u00fctzh\u00fclse"},"content":{"rendered":"<p>Bei der Westfalia Eschenr\u00f6hre handelt es sich um eine Nachbildung. Dies ist Teil der Westfalia Essen Kompositionsf\u00f6rderung Luxus (<a href=\"http:\/\/westys.nl\/product\/westfalia-essen-steun\/\"><span style=\"color: #808000;\"><strong>Art.-Nr. 0100.11.000<\/strong><\/span><\/a>) . Das Rohr besteht aus Stahl und muss daher nach der Behandlung behandelt werden.<\/p>\n","protected":false},"excerpt":{"rendered":"<p>Bei der Westfalia Eschenr\u00f6hre handelt es sich um eine Nachbildung. Dies ist Teil der Westfalia Essen Kompositionsf\u00f6rderung Luxus (Art.-Nr. 0100.11.000) . Das Rohr besteht aus Stahl und muss daher nach der Behandlung behandelt werden.<\/p>\n","protected":false},"featured_media":22083,"template":"","meta":[],"product_cat":[931,758,778,795],"product_tag":[],"_links":{"self":[{"href":"https:\/\/westys.nl\/de\/wp-json\/wp\/v2\/product\/26361"}],"collection":[{"href":"https:\/\/westys.nl\/de\/wp-json\/wp\/v2\/product"}],"about":[{"href":"https:\/\/westys.nl\/de\/wp-json\/wp\/v2\/types\/product"}],"version-history":[{"count":0,"href":"https:\/\/westys.nl\/de\/wp-json\/wp\/v2\/product\/26361\/revisions"}],"wp:featuredmedia":[{"embeddable":true,"href":"https:\/\/westys.nl\/de\/wp-json\/wp\/v2\/media\/22083"}],"wp:attachment":[{"href":"https:\/\/westys.nl\/de\/wp-json\/wp\/v2\/media?parent=26361"}],"wp:term":[{"taxonomy":"product_cat","embeddable":true,"href":"https:\/\/westys.nl\/de\/wp-json\/wp\/v2\/product_cat?post=26361"},{"taxonomy":"product_tag","embeddable":true,"href":"https:\/\/westys.nl\/de\/wp-json\/wp\/v2\/product_tag?post=26361"}],"curies":[{"name":"wp","href":"https:\/\/api.w.org\/{rel}","templated":true}]}}