{"id":26366,"date":"2019-11-15T22:36:41","date_gmt":"2019-11-15T22:36:41","guid":{"rendered":"https:\/\/westys.nl\/product\/oldtimer-westfalia-trailer-logo-happy-wanderer\/"},"modified":"2019-11-15T22:36:41","modified_gmt":"2019-11-15T22:36:41","slug":"westfalia-happy-wanderer-logo","status":"publish","type":"product","link":"https:\/\/westys.nl\/de\/product\/westfalia-happy-wanderer-logo\/","title":{"rendered":"Oldtimer Westfalia trailer logo Happy Wanderer"},"content":{"rendered":"<p>Bei diesem Logo handelt es sich um eine Reproduktion. Alle wichtigen Merkmale wurden beibehalten. Das Logo besteht aus mattem, klarem Aluminium, wobei das Erscheinungsbild gleich geblieben ist. Das Pferd und die Au\u00dfenkante wurden ebenfalls durchgedr\u00fcckt. Kurz gesagt, eine gro\u00dfe Bereicherung f\u00fcr Ihren Anh\u00e4nger.<\/p>\n<p>Dieses Logo wird f\u00fcr den englischen Markt verwendet und passt bis 1969 auf die meisten Westfalia-Anh\u00e4nger. Ab 1969 wurde der Westfalia-Aufkleber (<strong><span style=\"color: #808000;\"><a style=\"color: #808000;\" href=\"http:\/\/westys.nl\/product\/westfalia-logo-sticker-repro\/\">Art.-Nr. 0000.02.001<\/a><\/span><\/strong>) angewendet. F\u00fcr den europ\u00e4ischen Markt gibt es eine weitere Option, n\u00e4mlich das Westfalia Anh\u00e4nger Logo (<strong><span style=\"color: #808000;\"><a style=\"color: #808000;\" href=\"http:\/\/westys.nl\/product\/westfalia-anhanger-logo\/\">Art.-Nr. 0000.01.001<\/a><\/span><\/strong>).<\/p>\n","protected":false},"excerpt":{"rendered":"<p>Bei diesem Logo handelt es sich um eine Reproduktion. Alle wichtigen Merkmale wurden beibehalten. Das Logo besteht aus mattem, klarem Aluminium, wobei das Erscheinungsbild gleich geblieben ist. Das Pferd und die Au\u00dfenkante wurden ebenfalls durchgedr\u00fcckt. Kurz gesagt, eine gro\u00dfe Bereicherung f\u00fcr Ihren Anh\u00e4nger. Dieses Logo wird f\u00fcr den englischen Markt verwendet und passt bis 1969 [&hellip;]<\/p>\n","protected":false},"featured_media":21819,"template":"","meta":[],"product_cat":[794,803,758,692,695,776,693,698,703,778,686,687,896,795,696,706,702,707,699,705,777,701,694,700,691,697,689,728,690,704,688],"product_tag":[],"_links":{"self":[{"href":"https:\/\/westys.nl\/de\/wp-json\/wp\/v2\/product\/26366"}],"collection":[{"href":"https:\/\/westys.nl\/de\/wp-json\/wp\/v2\/product"}],"about":[{"href":"https:\/\/westys.nl\/de\/wp-json\/wp\/v2\/types\/product"}],"version-history":[{"count":0,"href":"https:\/\/westys.nl\/de\/wp-json\/wp\/v2\/product\/26366\/revisions"}],"wp:featuredmedia":[{"embeddable":true,"href":"https:\/\/westys.nl\/de\/wp-json\/wp\/v2\/media\/21819"}],"wp:attachment":[{"href":"https:\/\/westys.nl\/de\/wp-json\/wp\/v2\/media?parent=26366"}],"wp:term":[{"taxonomy":"product_cat","embeddable":true,"href":"https:\/\/westys.nl\/de\/wp-json\/wp\/v2\/product_cat?post=26366"},{"taxonomy":"product_tag","embeddable":true,"href":"https:\/\/westys.nl\/de\/wp-json\/wp\/v2\/product_tag?post=26366"}],"curies":[{"name":"wp","href":"https:\/\/api.w.org\/{rel}","templated":true}]}}