{"id":26367,"date":"2020-01-10T14:16:28","date_gmt":"2020-01-10T14:16:28","guid":{"rendered":"https:\/\/westys.nl\/product\/oldtimer-westfalia-anhaenger-200-400-kg-cellasto-federsatz\/"},"modified":"2020-01-10T14:16:28","modified_gmt":"2020-01-10T14:16:28","slug":"westfalia-esche-200-400-kg-zellasto-feder-set","status":"publish","type":"product","link":"https:\/\/westys.nl\/de\/product\/westfalia-esche-200-400-kg-zellasto-feder-set\/","title":{"rendered":"Oldtimer Westfalia Anh\u00e4nger 200-400 kg cellasto Federsatz"},"content":{"rendered":"<p>Die cellasto Feder ist ein Original Westfalia Produkt und ist f\u00fcr einen 200-400 kg Eschenanh\u00e4nger geeignet. Diese Feder kann auch bei anderen 200-400 kg schweren Anh\u00e4ngern verwendet werden, die Cellasto-Federn verwenden.<\/p>\n<p>Bei diesem Artikel handelt es sich um ein Set, das aus 2 Cellasto-Federn besteht.<\/p>\n<p>Die Abmessungen pro St\u00fcck sind:<\/p>\n<p>L\u00e4nge: 126 mm<br \/>\nDurchmesser: 63 mm<br \/>\nGewinde: M8<\/p>\n","protected":false},"excerpt":{"rendered":"<p>Die cellasto Feder ist ein Original Westfalia Produkt und ist f\u00fcr einen 200-400 kg Eschenanh\u00e4nger geeignet. Diese Feder kann auch bei anderen 200-400 kg schweren Anh\u00e4ngern verwendet werden, die Cellasto-Federn verwenden. Bei diesem Artikel handelt es sich um ein Set, das aus 2 Cellasto-Federn besteht. Die Abmessungen pro St\u00fcck sind: L\u00e4nge: 126 mm Durchmesser: 63 [&hellip;]<\/p>\n","protected":false},"featured_media":21696,"template":"","meta":[],"product_cat":[926,776,778,795,777],"product_tag":[],"_links":{"self":[{"href":"https:\/\/westys.nl\/de\/wp-json\/wp\/v2\/product\/26367"}],"collection":[{"href":"https:\/\/westys.nl\/de\/wp-json\/wp\/v2\/product"}],"about":[{"href":"https:\/\/westys.nl\/de\/wp-json\/wp\/v2\/types\/product"}],"version-history":[{"count":0,"href":"https:\/\/westys.nl\/de\/wp-json\/wp\/v2\/product\/26367\/revisions"}],"wp:featuredmedia":[{"embeddable":true,"href":"https:\/\/westys.nl\/de\/wp-json\/wp\/v2\/media\/21696"}],"wp:attachment":[{"href":"https:\/\/westys.nl\/de\/wp-json\/wp\/v2\/media?parent=26367"}],"wp:term":[{"taxonomy":"product_cat","embeddable":true,"href":"https:\/\/westys.nl\/de\/wp-json\/wp\/v2\/product_cat?post=26367"},{"taxonomy":"product_tag","embeddable":true,"href":"https:\/\/westys.nl\/de\/wp-json\/wp\/v2\/product_tag?post=26367"}],"curies":[{"name":"wp","href":"https:\/\/api.w.org\/{rel}","templated":true}]}}