{"id":26371,"date":"2019-12-07T20:24:29","date_gmt":"2019-12-07T20:24:29","guid":{"rendered":"https:\/\/westys.nl\/product\/oldtimer-westfalia-anhaenger-essen-reserveradaufhaengung\/"},"modified":"2019-12-07T20:24:29","modified_gmt":"2019-12-07T20:24:29","slug":"westfalia-eschenmontage-reserveradaufhangung","status":"publish","type":"product","link":"https:\/\/westys.nl\/de\/product\/westfalia-eschenmontage-reserveradaufhangung\/","title":{"rendered":"Oldtimer Westfalia Anh\u00e4nger Essen Reserveradaufh\u00e4ngung"},"content":{"rendered":"<p>Bei der Westfalia Essen Reserveradaufh\u00e4ngung handelt es sich um eine Nachfertigung. Dieses Teil ist ideal f\u00fcr den Transport eines Reserverads. Die Aufh\u00e4ngung besteht aus Stahl und ben\u00f6tigt noch eine Nachbehandlung.<\/p>\n<p>&nbsp;<\/p>\n","protected":false},"excerpt":{"rendered":"<p>Bei der Westfalia Essen Reserveradaufh\u00e4ngung handelt es sich um eine Nachfertigung. Dieses Teil ist ideal f\u00fcr den Transport eines Reserverads. Die Aufh\u00e4ngung besteht aus Stahl und ben\u00f6tigt noch eine Nachbehandlung. &nbsp;<\/p>\n","protected":false},"featured_media":21858,"template":"","meta":[],"product_cat":[756,778],"product_tag":[],"_links":{"self":[{"href":"https:\/\/westys.nl\/de\/wp-json\/wp\/v2\/product\/26371"}],"collection":[{"href":"https:\/\/westys.nl\/de\/wp-json\/wp\/v2\/product"}],"about":[{"href":"https:\/\/westys.nl\/de\/wp-json\/wp\/v2\/types\/product"}],"version-history":[{"count":0,"href":"https:\/\/westys.nl\/de\/wp-json\/wp\/v2\/product\/26371\/revisions"}],"wp:featuredmedia":[{"embeddable":true,"href":"https:\/\/westys.nl\/de\/wp-json\/wp\/v2\/media\/21858"}],"wp:attachment":[{"href":"https:\/\/westys.nl\/de\/wp-json\/wp\/v2\/media?parent=26371"}],"wp:term":[{"taxonomy":"product_cat","embeddable":true,"href":"https:\/\/westys.nl\/de\/wp-json\/wp\/v2\/product_cat?post=26371"},{"taxonomy":"product_tag","embeddable":true,"href":"https:\/\/westys.nl\/de\/wp-json\/wp\/v2\/product_tag?post=26371"}],"curies":[{"name":"wp","href":"https:\/\/api.w.org\/{rel}","templated":true}]}}