{"id":26374,"date":"2019-12-22T13:31:28","date_gmt":"2019-12-22T13:31:28","guid":{"rendered":"https:\/\/westys.nl\/product\/oldtimer-westfalia-anhaenger-k13319-dichtscheibe-fuer-ruecklicht\/"},"modified":"2019-12-22T13:31:28","modified_gmt":"2019-12-22T13:31:28","slug":"westfalia-dichtungslinse-t-b-v-zusammensetzung-rucklicht-k13319","status":"publish","type":"product","link":"https:\/\/westys.nl\/de\/product\/westfalia-dichtungslinse-t-b-v-zusammensetzung-rucklicht-k13319\/","title":{"rendered":"Oldtimer Westfalia Anh\u00e4nger K13319 Dichtscheibe f\u00fcr R\u00fccklicht"},"content":{"rendered":"<p>Die Westfalia k13319 Dichtscheibe f\u00fcr R\u00fccklicht ist ein Original Westfalia Produkt. Dieses Teil dient als Dichtung zwischen dem Metallgeh\u00e4use der Lampe und der Linse.<\/p>\n<p>Abbildung 2 zeigt, wie der Gummi zugef\u00fchrt wird. Dieser sollte wie ein Gummiband um das Glas gezogen werden.<\/p>\n","protected":false},"excerpt":{"rendered":"<p>Die Westfalia k13319 Dichtscheibe f\u00fcr R\u00fccklicht ist ein Original Westfalia Produkt. Dieses Teil dient als Dichtung zwischen dem Metallgeh\u00e4use der Lampe und der Linse. Abbildung 2 zeigt, wie der Gummi zugef\u00fchrt wird. Dieser sollte wie ein Gummiband um das Glas gezogen werden.<\/p>\n","protected":false},"featured_media":21981,"template":"","meta":[],"product_cat":[794,729,796,692,695,693,698,703,686,687,896,696,706,702,707,699,705,777,701,694,700,691,697,689,728,690,704,688],"product_tag":[],"_links":{"self":[{"href":"https:\/\/westys.nl\/de\/wp-json\/wp\/v2\/product\/26374"}],"collection":[{"href":"https:\/\/westys.nl\/de\/wp-json\/wp\/v2\/product"}],"about":[{"href":"https:\/\/westys.nl\/de\/wp-json\/wp\/v2\/types\/product"}],"version-history":[{"count":0,"href":"https:\/\/westys.nl\/de\/wp-json\/wp\/v2\/product\/26374\/revisions"}],"wp:featuredmedia":[{"embeddable":true,"href":"https:\/\/westys.nl\/de\/wp-json\/wp\/v2\/media\/21981"}],"wp:attachment":[{"href":"https:\/\/westys.nl\/de\/wp-json\/wp\/v2\/media?parent=26374"}],"wp:term":[{"taxonomy":"product_cat","embeddable":true,"href":"https:\/\/westys.nl\/de\/wp-json\/wp\/v2\/product_cat?post=26374"},{"taxonomy":"product_tag","embeddable":true,"href":"https:\/\/westys.nl\/de\/wp-json\/wp\/v2\/product_tag?post=26374"}],"curies":[{"name":"wp","href":"https:\/\/api.w.org\/{rel}","templated":true}]}}