{"id":26378,"date":"2020-01-26T19:40:56","date_gmt":"2020-01-26T19:40:56","guid":{"rendered":"https:\/\/westys.nl\/product\/oldtimer-westfalia-anhaenger-k13319-lampenfassung-gebraucht\/"},"modified":"2020-01-26T19:40:56","modified_gmt":"2020-01-26T19:40:56","slug":"westfalia-lampenfassung-t-b-v-rucklicht-k13319-gebraucht","status":"publish","type":"product","link":"https:\/\/westys.nl\/de\/product\/westfalia-lampenfassung-t-b-v-rucklicht-k13319-gebraucht\/","title":{"rendered":"Oldtimer Westfalia Anh\u00e4nger K13319 Lampenfassung (Gebraucht)"},"content":{"rendered":"<p>Bei der Westfalia Lampenfassung f\u00fcr R\u00fccklicht K13319 handelt es sich um ein Originalprodukt. Diese Lampenfassung wurde verwendet. Das bedeutet, dass es leichte Gebrauchsspuren aufweisen kann.<\/p>\n<p>Exkl. Schrauben und Leuchten<\/p>\n","protected":false},"excerpt":{"rendered":"<p>Bei der Westfalia Lampenfassung f\u00fcr R\u00fccklicht K13319 handelt es sich um ein Originalprodukt. Diese Lampenfassung wurde verwendet. Das bedeutet, dass es leichte Gebrauchsspuren aufweisen kann. Exkl. Schrauben und Leuchten<\/p>\n","protected":false},"featured_media":22038,"template":"","meta":[],"product_cat":[796,692,695,693,698,703,686,687,896,696,706,702,707,699,705,701,694,700,691,697,689,728,690,704,688],"product_tag":[],"_links":{"self":[{"href":"https:\/\/westys.nl\/de\/wp-json\/wp\/v2\/product\/26378"}],"collection":[{"href":"https:\/\/westys.nl\/de\/wp-json\/wp\/v2\/product"}],"about":[{"href":"https:\/\/westys.nl\/de\/wp-json\/wp\/v2\/types\/product"}],"version-history":[{"count":0,"href":"https:\/\/westys.nl\/de\/wp-json\/wp\/v2\/product\/26378\/revisions"}],"wp:featuredmedia":[{"embeddable":true,"href":"https:\/\/westys.nl\/de\/wp-json\/wp\/v2\/media\/22038"}],"wp:attachment":[{"href":"https:\/\/westys.nl\/de\/wp-json\/wp\/v2\/media?parent=26378"}],"wp:term":[{"taxonomy":"product_cat","embeddable":true,"href":"https:\/\/westys.nl\/de\/wp-json\/wp\/v2\/product_cat?post=26378"},{"taxonomy":"product_tag","embeddable":true,"href":"https:\/\/westys.nl\/de\/wp-json\/wp\/v2\/product_tag?post=26378"}],"curies":[{"name":"wp","href":"https:\/\/api.w.org\/{rel}","templated":true}]}}