{"id":26381,"date":"2019-12-29T13:22:27","date_gmt":"2019-12-29T13:22:27","guid":{"rendered":"https:\/\/westys.nl\/product\/oldtimer-westfalia-anhaengerkastenecke-gebraucht\/"},"modified":"2019-12-29T13:22:27","modified_gmt":"2019-12-29T13:22:27","slug":"westfalia-essen-hoek-t-b-v-composition-bak-used","status":"publish","type":"product","link":"https:\/\/westys.nl\/de\/product\/westfalia-essen-hoek-t-b-v-composition-bak-used\/","title":{"rendered":"Oldtimer Westfalia Anh\u00e4ngerkastenecke (Gebraucht)"},"content":{"rendered":"<p>F\u00fcr die Zusammenstellung des Beh\u00e4lters wurde die Westfalia Essener Ecke verwendet. Dieser Winkel wurde verwendet. Das bedeutet, dass es eine leichte Form von Rost, Kratzern und anderen Gebrauchsspuren aufweisen kann.<\/p>\n","protected":false},"excerpt":{"rendered":"<p>F\u00fcr die Zusammenstellung des Beh\u00e4lters wurde die Westfalia Essener Ecke verwendet. Dieser Winkel wurde verwendet. Das bedeutet, dass es eine leichte Form von Rost, Kratzern und anderen Gebrauchsspuren aufweisen kann.<\/p>\n","protected":false},"featured_media":21795,"template":"","meta":[],"product_cat":[793,778,795],"product_tag":[],"_links":{"self":[{"href":"https:\/\/westys.nl\/de\/wp-json\/wp\/v2\/product\/26381"}],"collection":[{"href":"https:\/\/westys.nl\/de\/wp-json\/wp\/v2\/product"}],"about":[{"href":"https:\/\/westys.nl\/de\/wp-json\/wp\/v2\/types\/product"}],"version-history":[{"count":0,"href":"https:\/\/westys.nl\/de\/wp-json\/wp\/v2\/product\/26381\/revisions"}],"wp:featuredmedia":[{"embeddable":true,"href":"https:\/\/westys.nl\/de\/wp-json\/wp\/v2\/media\/21795"}],"wp:attachment":[{"href":"https:\/\/westys.nl\/de\/wp-json\/wp\/v2\/media?parent=26381"}],"wp:term":[{"taxonomy":"product_cat","embeddable":true,"href":"https:\/\/westys.nl\/de\/wp-json\/wp\/v2\/product_cat?post=26381"},{"taxonomy":"product_tag","embeddable":true,"href":"https:\/\/westys.nl\/de\/wp-json\/wp\/v2\/product_tag?post=26381"}],"curies":[{"name":"wp","href":"https:\/\/api.w.org\/{rel}","templated":true}]}}