{"id":26384,"date":"2019-12-06T20:53:05","date_gmt":"2019-12-06T20:53:05","guid":{"rendered":"https:\/\/westys.nl\/product\/oldtimer-westfalia-anhaenger-200-400-kg-cellasto-feder\/"},"modified":"2019-12-06T20:53:05","modified_gmt":"2019-12-06T20:53:05","slug":"westfalen-asche-cellasto-fruhling","status":"publish","type":"product","link":"https:\/\/westys.nl\/de\/product\/westfalen-asche-cellasto-fruhling\/","title":{"rendered":"Oldtimer Westfalia Anh\u00e4nger 200-400 kg cellasto Feder"},"content":{"rendered":"<p>Die cellasto Feder ist ein Original Westfalia Produkt und ist f\u00fcr einen 200-400 kg Eschenanh\u00e4nger geeignet. Diese Feder kann auch bei anderen 200-400 kg schweren Anh\u00e4ngern verwendet werden, die Cellasto-Federn verwenden.<\/p>\n<p>Die Abmessungen pro St\u00fcck sind:<\/p>\n<p>L\u00e4nge: 126 mm<br \/>\nDurchmesser: 63 mm<br \/>\nGewinde: M8<\/p>\n","protected":false},"excerpt":{"rendered":"<p>Die cellasto Feder ist ein Original Westfalia Produkt und ist f\u00fcr einen 200-400 kg Eschenanh\u00e4nger geeignet. Diese Feder kann auch bei anderen 200-400 kg schweren Anh\u00e4ngern verwendet werden, die Cellasto-Federn verwenden. Die Abmessungen pro St\u00fcck sind: L\u00e4nge: 126 mm Durchmesser: 63 mm Gewinde: M8<\/p>\n","protected":false},"featured_media":21690,"template":"","meta":[],"product_cat":[926,776,778,795,777],"product_tag":[],"_links":{"self":[{"href":"https:\/\/westys.nl\/de\/wp-json\/wp\/v2\/product\/26384"}],"collection":[{"href":"https:\/\/westys.nl\/de\/wp-json\/wp\/v2\/product"}],"about":[{"href":"https:\/\/westys.nl\/de\/wp-json\/wp\/v2\/types\/product"}],"version-history":[{"count":0,"href":"https:\/\/westys.nl\/de\/wp-json\/wp\/v2\/product\/26384\/revisions"}],"wp:featuredmedia":[{"embeddable":true,"href":"https:\/\/westys.nl\/de\/wp-json\/wp\/v2\/media\/21690"}],"wp:attachment":[{"href":"https:\/\/westys.nl\/de\/wp-json\/wp\/v2\/media?parent=26384"}],"wp:term":[{"taxonomy":"product_cat","embeddable":true,"href":"https:\/\/westys.nl\/de\/wp-json\/wp\/v2\/product_cat?post=26384"},{"taxonomy":"product_tag","embeddable":true,"href":"https:\/\/westys.nl\/de\/wp-json\/wp\/v2\/product_tag?post=26384"}],"curies":[{"name":"wp","href":"https:\/\/api.w.org\/{rel}","templated":true}]}}