{"id":26718,"date":"2023-10-16T13:46:45","date_gmt":"2023-10-16T13:46:45","guid":{"rendered":"https:\/\/westys.nl\/?post_type=product&#038;p=26718"},"modified":"2023-10-16T13:54:49","modified_gmt":"2023-10-16T13:54:49","slug":"oldtimer-westfalia-anhanger-fenster-scharnier-gebraucht","status":"publish","type":"product","link":"https:\/\/westys.nl\/de\/product\/oldtimer-westfalia-anhanger-fenster-scharnier-gebraucht\/","title":{"rendered":"Oldtimer Westfalia Anh\u00e4nger-Fensterscharnier (gebraucht)"},"content":{"rendered":"<p>Gebrauchtes Westfalia Fensterscharnier. Geeignet f\u00fcr verschiedene Arten von Anh\u00e4ngern und Wohnwagen. Das Scharnier wurde verwendet. Das bedeutet, dass es eine leichte Form von Rost, Kratzern und anderen Gebrauchsspuren aufweisen kann. Dieses Produkt kann auch eingef\u00e4rbt sein oder Spuren von Farbe enthalten.<\/p>\n","protected":false},"excerpt":{"rendered":"<p>Gebrauchtes Westfalia Fensterscharnier. Geeignet f\u00fcr verschiedene Arten von Anh\u00e4ngern und Wohnwagen. Das Scharnier wurde verwendet. Das bedeutet, dass es eine leichte Form von Rost, Kratzern und anderen Gebrauchsspuren aufweisen kann. Dieses Produkt kann auch eingef\u00e4rbt sein oder Spuren von Farbe enthalten.<\/p>\n","protected":false},"featured_media":0,"template":"","meta":[],"product_cat":[813,690,688],"product_tag":[],"_links":{"self":[{"href":"https:\/\/westys.nl\/de\/wp-json\/wp\/v2\/product\/26718"}],"collection":[{"href":"https:\/\/westys.nl\/de\/wp-json\/wp\/v2\/product"}],"about":[{"href":"https:\/\/westys.nl\/de\/wp-json\/wp\/v2\/types\/product"}],"version-history":[{"count":2,"href":"https:\/\/westys.nl\/de\/wp-json\/wp\/v2\/product\/26718\/revisions"}],"predecessor-version":[{"id":26723,"href":"https:\/\/westys.nl\/de\/wp-json\/wp\/v2\/product\/26718\/revisions\/26723"}],"wp:attachment":[{"href":"https:\/\/westys.nl\/de\/wp-json\/wp\/v2\/media?parent=26718"}],"wp:term":[{"taxonomy":"product_cat","embeddable":true,"href":"https:\/\/westys.nl\/de\/wp-json\/wp\/v2\/product_cat?post=26718"},{"taxonomy":"product_tag","embeddable":true,"href":"https:\/\/westys.nl\/de\/wp-json\/wp\/v2\/product_tag?post=26718"}],"curies":[{"name":"wp","href":"https:\/\/api.w.org\/{rel}","templated":true}]}}