{"id":26767,"date":"2020-11-18T19:33:26","date_gmt":"2020-11-18T19:33:26","guid":{"rendered":"https:\/\/westys.nl\/product\/oldtimer-westfalia-anhaenger-dachtraeger-luxus\/"},"modified":"2020-11-18T19:33:26","modified_gmt":"2020-11-18T19:33:26","slug":"oldtimer-westfalia-anhanger-asche-dachtrager-luxus","status":"publish","type":"product","link":"https:\/\/westys.nl\/de\/product\/oldtimer-westfalia-anhanger-asche-dachtrager-luxus\/","title":{"rendered":"Oldtimer Westfalia Anh\u00e4nger Dachtr\u00e4ger Luxus"},"content":{"rendered":"<p>Der Oldtimer Westfalia Anh\u00e4nger Essen Dachtr\u00e4ger ist ein Nachbau und aus Aluminium gefertigt. Dies betrifft den Dachtr\u00e4ger samt Montagematerial.<\/p>\n","protected":false},"excerpt":{"rendered":"<p>Der Oldtimer Westfalia Anh\u00e4nger Essen Dachtr\u00e4ger ist ein Nachbau und aus Aluminium gefertigt. Dies betrifft den Dachtr\u00e4ger samt Montagematerial.<\/p>\n","protected":false},"featured_media":21852,"template":"","meta":[],"product_cat":[940,943,796,758,778],"product_tag":[],"_links":{"self":[{"href":"https:\/\/westys.nl\/de\/wp-json\/wp\/v2\/product\/26767"}],"collection":[{"href":"https:\/\/westys.nl\/de\/wp-json\/wp\/v2\/product"}],"about":[{"href":"https:\/\/westys.nl\/de\/wp-json\/wp\/v2\/types\/product"}],"version-history":[{"count":0,"href":"https:\/\/westys.nl\/de\/wp-json\/wp\/v2\/product\/26767\/revisions"}],"wp:featuredmedia":[{"embeddable":true,"href":"https:\/\/westys.nl\/de\/wp-json\/wp\/v2\/media\/21852"}],"wp:attachment":[{"href":"https:\/\/westys.nl\/de\/wp-json\/wp\/v2\/media?parent=26767"}],"wp:term":[{"taxonomy":"product_cat","embeddable":true,"href":"https:\/\/westys.nl\/de\/wp-json\/wp\/v2\/product_cat?post=26767"},{"taxonomy":"product_tag","embeddable":true,"href":"https:\/\/westys.nl\/de\/wp-json\/wp\/v2\/product_tag?post=26767"}],"curies":[{"name":"wp","href":"https:\/\/api.w.org\/{rel}","templated":true}]}}