{"id":28843,"date":"2020-11-21T07:26:27","date_gmt":"2020-11-21T07:26:27","guid":{"rendered":"https:\/\/westys.nl\/product\/oldtimer-westfalia-anhaengermanschettenbuchse-fuer-radlager-o47-20\/"},"modified":"2020-11-21T07:26:27","modified_gmt":"2020-11-21T07:26:27","slug":"oldtimer-westfalia-anhanger-asche-kragen-bus-t-b-v-radlager-o47","status":"publish","type":"product","link":"https:\/\/westys.nl\/de\/product\/oldtimer-westfalia-anhanger-asche-kragen-bus-t-b-v-radlager-o47\/","title":{"rendered":"Oldtimer Westfalia Anh\u00e4ngermanschettenbuchse f\u00fcr Radlager \u00f847-20"},"content":{"rendered":"<p>Westfalia Essen Bundbuchse f\u00fcr Radlager \u00f847-20. Passend f\u00fcr eine Felge mit Radlager \u00f847-20.<\/p>\n<p class=\"product_title entry-title\">\n","protected":false},"excerpt":{"rendered":"<p>Westfalia Essen Bundbuchse f\u00fcr Radlager \u00f847-20. Passend f\u00fcr eine Felge mit Radlager \u00f847-20.<\/p>\n","protected":false},"featured_media":21759,"template":"","meta":[],"product_cat":[778,795],"product_tag":[],"_links":{"self":[{"href":"https:\/\/westys.nl\/de\/wp-json\/wp\/v2\/product\/28843"}],"collection":[{"href":"https:\/\/westys.nl\/de\/wp-json\/wp\/v2\/product"}],"about":[{"href":"https:\/\/westys.nl\/de\/wp-json\/wp\/v2\/types\/product"}],"version-history":[{"count":0,"href":"https:\/\/westys.nl\/de\/wp-json\/wp\/v2\/product\/28843\/revisions"}],"wp:featuredmedia":[{"embeddable":true,"href":"https:\/\/westys.nl\/de\/wp-json\/wp\/v2\/media\/21759"}],"wp:attachment":[{"href":"https:\/\/westys.nl\/de\/wp-json\/wp\/v2\/media?parent=28843"}],"wp:term":[{"taxonomy":"product_cat","embeddable":true,"href":"https:\/\/westys.nl\/de\/wp-json\/wp\/v2\/product_cat?post=28843"},{"taxonomy":"product_tag","embeddable":true,"href":"https:\/\/westys.nl\/de\/wp-json\/wp\/v2\/product_tag?post=28843"}],"curies":[{"name":"wp","href":"https:\/\/api.w.org\/{rel}","templated":true}]}}