{"id":31726,"date":"2023-11-19T17:24:11","date_gmt":"2023-11-19T17:24:11","guid":{"rendered":"https:\/\/westys.nl\/?post_type=product&#038;p=31726"},"modified":"2023-11-19T17:37:07","modified_gmt":"2023-11-19T17:37:07","slug":"oldtimer-westfalia-trailer-logo-westfalia-anhanger","status":"publish","type":"product","link":"https:\/\/westys.nl\/de\/product\/oldtimer-westfalia-trailer-logo-westfalia-anhanger\/","title":{"rendered":"Oldtimer Westfalia trailer logo Westfalia Anh\u00e4nger"},"content":{"rendered":"<p>Bei diesem Logo handelt es sich um eine Reproduktion. Alle wichtigen Merkmale wurden beibehalten. Das Logo besteht aus mattem, klarem Aluminium, wobei das Erscheinungsbild gleich geblieben ist. Das Pferd und die Au\u00dfenkante wurden ebenfalls durchgedr\u00fcckt. Kurz gesagt, eine gro\u00dfe Bereicherung f\u00fcr Ihren Anh\u00e4nger.<\/p>\n<p>&nbsp;<\/p>\n","protected":false},"excerpt":{"rendered":"<p>Bei diesem Logo handelt es sich um eine Reproduktion. Alle wichtigen Merkmale wurden beibehalten. Das Logo besteht aus mattem, klarem Aluminium, wobei das Erscheinungsbild gleich geblieben ist. Das Pferd und die Au\u00dfenkante wurden ebenfalls durchgedr\u00fcckt. Kurz gesagt, eine gro\u00dfe Bereicherung f\u00fcr Ihren Anh\u00e4nger. &nbsp;<\/p>\n","protected":false},"featured_media":21816,"template":"","meta":[],"product_cat":[794,758,692,695,776,693,698,703,778,686,687,896,795,696,706,702,707,699,705,777,701,694,700,691,697,689,728,690,704,688],"product_tag":[],"_links":{"self":[{"href":"https:\/\/westys.nl\/de\/wp-json\/wp\/v2\/product\/31726"}],"collection":[{"href":"https:\/\/westys.nl\/de\/wp-json\/wp\/v2\/product"}],"about":[{"href":"https:\/\/westys.nl\/de\/wp-json\/wp\/v2\/types\/product"}],"version-history":[{"count":2,"href":"https:\/\/westys.nl\/de\/wp-json\/wp\/v2\/product\/31726\/revisions"}],"predecessor-version":[{"id":31731,"href":"https:\/\/westys.nl\/de\/wp-json\/wp\/v2\/product\/31726\/revisions\/31731"}],"wp:featuredmedia":[{"embeddable":true,"href":"https:\/\/westys.nl\/de\/wp-json\/wp\/v2\/media\/21816"}],"wp:attachment":[{"href":"https:\/\/westys.nl\/de\/wp-json\/wp\/v2\/media?parent=31726"}],"wp:term":[{"taxonomy":"product_cat","embeddable":true,"href":"https:\/\/westys.nl\/de\/wp-json\/wp\/v2\/product_cat?post=31726"},{"taxonomy":"product_tag","embeddable":true,"href":"https:\/\/westys.nl\/de\/wp-json\/wp\/v2\/product_tag?post=31726"}],"curies":[{"name":"wp","href":"https:\/\/api.w.org\/{rel}","templated":true}]}}