{"id":32918,"date":"2024-01-07T10:28:12","date_gmt":"2024-01-07T10:28:12","guid":{"rendered":"https:\/\/westys.nl\/?post_type=product&#038;p=32918"},"modified":"2024-01-07T10:31:09","modified_gmt":"2024-01-07T10:31:09","slug":"oldtimer-westfalia-anhanger-radkappe-24-cm-gebraucht","status":"publish","type":"product","link":"https:\/\/westys.nl\/de\/product\/oldtimer-westfalia-anhanger-radkappe-24-cm-gebraucht\/","title":{"rendered":"Oldtimer Westfalia Anh\u00e4nger Radkappe 24 cm (gebraucht)"},"content":{"rendered":"<p>Die Westfalia Anh\u00e4nger-Radabdeckung ist ein Originalprodukt und wird bei Wohnwagen und Anh\u00e4ngern verwendet. Diese Radkappe ist gebraucht. Das bedeutet, dass es in irgendeiner Form Gebrauchsspuren wie Oxidation, Kratzer, Dellen, Farbe usw. aufweisen kann.<\/p>\n<p>Innendurchmesser 23,5 bis 24 cm.<\/p>\n<p>Dieses Produkt kann von der Abbildung abweichen.<\/p>\n<p>&nbsp;<\/p>\n<p>&nbsp;<\/p>\n","protected":false},"excerpt":{"rendered":"<p>Die Westfalia Anh\u00e4nger-Radabdeckung ist ein Originalprodukt und wird bei Wohnwagen und Anh\u00e4ngern verwendet. Diese Radkappe ist gebraucht. Das bedeutet, dass es in irgendeiner Form Gebrauchsspuren wie Oxidation, Kratzer, Dellen, Farbe usw. aufweisen kann. Innendurchmesser 23,5 bis 24 cm. Dieses Produkt kann von der Abbildung abweichen. &nbsp; &nbsp;<\/p>\n","protected":false},"featured_media":22791,"template":"","meta":[],"product_cat":[756,692,695,693,698,703,686,687,896,696,706,702,707,699,705,701,694,700,697,689,728,690,704,688],"product_tag":[],"_links":{"self":[{"href":"https:\/\/westys.nl\/de\/wp-json\/wp\/v2\/product\/32918"}],"collection":[{"href":"https:\/\/westys.nl\/de\/wp-json\/wp\/v2\/product"}],"about":[{"href":"https:\/\/westys.nl\/de\/wp-json\/wp\/v2\/types\/product"}],"version-history":[{"count":2,"href":"https:\/\/westys.nl\/de\/wp-json\/wp\/v2\/product\/32918\/revisions"}],"predecessor-version":[{"id":32923,"href":"https:\/\/westys.nl\/de\/wp-json\/wp\/v2\/product\/32918\/revisions\/32923"}],"wp:featuredmedia":[{"embeddable":true,"href":"https:\/\/westys.nl\/de\/wp-json\/wp\/v2\/media\/22791"}],"wp:attachment":[{"href":"https:\/\/westys.nl\/de\/wp-json\/wp\/v2\/media?parent=32918"}],"wp:term":[{"taxonomy":"product_cat","embeddable":true,"href":"https:\/\/westys.nl\/de\/wp-json\/wp\/v2\/product_cat?post=32918"},{"taxonomy":"product_tag","embeddable":true,"href":"https:\/\/westys.nl\/de\/wp-json\/wp\/v2\/product_tag?post=32918"}],"curies":[{"name":"wp","href":"https:\/\/api.w.org\/{rel}","templated":true}]}}