{"id":32931,"date":"2024-01-14T18:54:12","date_gmt":"2024-01-14T18:54:12","guid":{"rendered":"https:\/\/westys.nl\/?post_type=product&#038;p=32931"},"modified":"2024-01-14T19:06:04","modified_gmt":"2024-01-14T19:06:04","slug":"oldtimer-westfalia-anhanger-essen-gardinenrahmen-kopie","status":"publish","type":"product","link":"https:\/\/westys.nl\/de\/product\/oldtimer-westfalia-anhanger-essen-gardinenrahmen-kopie\/","title":{"rendered":"Oldtimer Westfalia Anh\u00e4nger Essen Gardinenrahmen (kopie)"},"content":{"rendered":"<p>Oldtimer Westfalia Anh\u00e4ngerrahmen f\u00fcr Motorhaube ist ein Nachbau. Hier geht es nur um den Rahmen. Es wird unbehandelt geliefert.<\/p>\n<p>Geeignet f\u00fcr Essen 121002A und B.<\/p>\n","protected":false},"excerpt":{"rendered":"<p>Oldtimer Westfalia Anh\u00e4ngerrahmen f\u00fcr Motorhaube ist ein Nachbau. Hier geht es nur um den Rahmen. Es wird unbehandelt geliefert. Geeignet f\u00fcr Essen 121002A und B.<\/p>\n","protected":false},"featured_media":0,"template":"","meta":[],"product_cat":[759,758,778],"product_tag":[],"_links":{"self":[{"href":"https:\/\/westys.nl\/de\/wp-json\/wp\/v2\/product\/32931"}],"collection":[{"href":"https:\/\/westys.nl\/de\/wp-json\/wp\/v2\/product"}],"about":[{"href":"https:\/\/westys.nl\/de\/wp-json\/wp\/v2\/types\/product"}],"version-history":[{"count":1,"href":"https:\/\/westys.nl\/de\/wp-json\/wp\/v2\/product\/32931\/revisions"}],"predecessor-version":[{"id":32933,"href":"https:\/\/westys.nl\/de\/wp-json\/wp\/v2\/product\/32931\/revisions\/32933"}],"wp:attachment":[{"href":"https:\/\/westys.nl\/de\/wp-json\/wp\/v2\/media?parent=32931"}],"wp:term":[{"taxonomy":"product_cat","embeddable":true,"href":"https:\/\/westys.nl\/de\/wp-json\/wp\/v2\/product_cat?post=32931"},{"taxonomy":"product_tag","embeddable":true,"href":"https:\/\/westys.nl\/de\/wp-json\/wp\/v2\/product_tag?post=32931"}],"curies":[{"name":"wp","href":"https:\/\/api.w.org\/{rel}","templated":true}]}}