{"id":33032,"date":"2024-03-04T08:50:51","date_gmt":"2024-03-04T08:50:51","guid":{"rendered":"https:\/\/westys.nl\/?post_type=product&#038;p=33032"},"modified":"2024-03-04T08:52:08","modified_gmt":"2024-03-04T08:52:08","slug":"oldtimer-westfalia-anhanger-abus-nr-30-schloss-mit-lochern-gebraucht-kopie","status":"publish","type":"product","link":"https:\/\/westys.nl\/de\/product\/oldtimer-westfalia-anhanger-abus-nr-30-schloss-mit-lochern-gebraucht-kopie\/","title":{"rendered":"Oldtimer Westfalia Anh\u00e4nger Abus Nr. 30 Schloss mit L\u00f6chern (Gebraucht) (kopie)"},"content":{"rendered":"<p>Gebrauchte Westfalia Abus Nr. 30 Schloss mit L\u00f6chern. Geeignet f\u00fcr verschiedene Arten von Anh\u00e4ngern und Wohnwagen. Das Schloss ist benutzt worden. Das bedeutet, dass es eine leichte Form von Rost, Kratzern und anderen Gebrauchsspuren aufweisen kann. Dieses Produkt kann auch eingef\u00e4rbt sein oder Spuren von Farbe enthalten. Das Schloss wird mit 1 oder 2 Schl\u00fcsseln geliefert.<\/p>\n<p>Achtung! Dieses Schloss hat L\u00f6cher an der Seite und kann angeschwei\u00dft worden sein. Dies hat keinen Einfluss auf die Funktion des Schlosses.<\/p>\n","protected":false},"excerpt":{"rendered":"<p>Gebrauchte Westfalia Abus Nr. 30 Schloss mit L\u00f6chern. Geeignet f\u00fcr verschiedene Arten von Anh\u00e4ngern und Wohnwagen. Das Schloss ist benutzt worden. Das bedeutet, dass es eine leichte Form von Rost, Kratzern und anderen Gebrauchsspuren aufweisen kann. Dieses Produkt kann auch eingef\u00e4rbt sein oder Spuren von Farbe enthalten. Das Schloss wird mit 1 oder 2 Schl\u00fcsseln [&hellip;]<\/p>\n","protected":false},"featured_media":0,"template":"","meta":[],"product_cat":[779,686],"product_tag":[],"_links":{"self":[{"href":"https:\/\/westys.nl\/de\/wp-json\/wp\/v2\/product\/33032"}],"collection":[{"href":"https:\/\/westys.nl\/de\/wp-json\/wp\/v2\/product"}],"about":[{"href":"https:\/\/westys.nl\/de\/wp-json\/wp\/v2\/types\/product"}],"version-history":[{"count":1,"href":"https:\/\/westys.nl\/de\/wp-json\/wp\/v2\/product\/33032\/revisions"}],"predecessor-version":[{"id":33034,"href":"https:\/\/westys.nl\/de\/wp-json\/wp\/v2\/product\/33032\/revisions\/33034"}],"wp:attachment":[{"href":"https:\/\/westys.nl\/de\/wp-json\/wp\/v2\/media?parent=33032"}],"wp:term":[{"taxonomy":"product_cat","embeddable":true,"href":"https:\/\/westys.nl\/de\/wp-json\/wp\/v2\/product_cat?post=33032"},{"taxonomy":"product_tag","embeddable":true,"href":"https:\/\/westys.nl\/de\/wp-json\/wp\/v2\/product_tag?post=33032"}],"curies":[{"name":"wp","href":"https:\/\/api.w.org\/{rel}","templated":true}]}}