{"id":33048,"date":"2024-03-30T15:04:09","date_gmt":"2024-03-30T15:04:09","guid":{"rendered":"https:\/\/westys.nl\/?post_type=product&#038;p=33048"},"modified":"2024-03-30T15:41:07","modified_gmt":"2024-03-30T15:41:07","slug":"oldtimer-westfalia-trailer-passau-balled-lid-polyesther","status":"publish","type":"product","link":"https:\/\/westys.nl\/de\/product\/oldtimer-westfalia-trailer-passau-balled-lid-polyesther\/","title":{"rendered":"Oldtimer Westfalia Anh\u00e4nger Passau konvexer Deckel Polyesther"},"content":{"rendered":"<p>Der Westfalia Auflieger Passau Konvexdeckel ist ein Nachbau. Dieses Teil ist aus Polyester gefertigt. Der Deckel muss leicht angeschliffen werden und dann ist er bereit f\u00fcr die Lackierung.<\/p>\n<p>Die Versandkosten sind h\u00f6her als berechnet und m\u00fcssen angefragt werden.<\/p>\n","protected":false},"excerpt":{"rendered":"<p>Der Westfalia Auflieger Passau Konvexdeckel ist ein Nachbau. Dieses Teil ist aus Polyester gefertigt. Der Deckel muss leicht angeschliffen werden und dann ist er bereit f\u00fcr die Lackierung. Die Versandkosten sind h\u00f6her als berechnet und m\u00fcssen angefragt werden.<\/p>\n","protected":false},"featured_media":33051,"template":"","meta":[],"product_cat":[943,700,689],"product_tag":[],"_links":{"self":[{"href":"https:\/\/westys.nl\/de\/wp-json\/wp\/v2\/product\/33048"}],"collection":[{"href":"https:\/\/westys.nl\/de\/wp-json\/wp\/v2\/product"}],"about":[{"href":"https:\/\/westys.nl\/de\/wp-json\/wp\/v2\/types\/product"}],"version-history":[{"count":2,"href":"https:\/\/westys.nl\/de\/wp-json\/wp\/v2\/product\/33048\/revisions"}],"predecessor-version":[{"id":33056,"href":"https:\/\/westys.nl\/de\/wp-json\/wp\/v2\/product\/33048\/revisions\/33056"}],"wp:featuredmedia":[{"embeddable":true,"href":"https:\/\/westys.nl\/de\/wp-json\/wp\/v2\/media\/33051"}],"wp:attachment":[{"href":"https:\/\/westys.nl\/de\/wp-json\/wp\/v2\/media?parent=33048"}],"wp:term":[{"taxonomy":"product_cat","embeddable":true,"href":"https:\/\/westys.nl\/de\/wp-json\/wp\/v2\/product_cat?post=33048"},{"taxonomy":"product_tag","embeddable":true,"href":"https:\/\/westys.nl\/de\/wp-json\/wp\/v2\/product_tag?post=33048"}],"curies":[{"name":"wp","href":"https:\/\/api.w.org\/{rel}","templated":true}]}}