{"id":33121,"date":"2024-06-07T19:18:03","date_gmt":"2024-06-07T19:18:03","guid":{"rendered":"https:\/\/westys.nl\/?post_type=product&#038;p=33121"},"modified":"2024-06-07T19:23:06","modified_gmt":"2024-06-07T19:23:06","slug":"oldtimer-westfalia-anhanger-dachtragerhalterung-gebraucht-kopie","status":"publish","type":"product","link":"https:\/\/westys.nl\/de\/product\/oldtimer-westfalia-anhanger-dachtragerhalterung-gebraucht-kopie\/","title":{"rendered":"Oldtimer Westfalia Anh\u00e4nger-Dachtr\u00e4gerhalterung (Gebraucht) (kopie)"},"content":{"rendered":"<p>Gebrauchte Westfalia Dachtr\u00e4gerhalterung. Geeignet f\u00fcr verschiedene Arten von Anh\u00e4ngern und kann auch f\u00fcr die Dachtr\u00e4ger von T1- und T2-Bussen verwendet werden. Diese Halterung wurde verwendet. Das bedeutet, dass es eine leichte Form von Rost, Kratzern und anderen Gebrauchsspuren aufweisen kann. Dieses Produkt kann auch eingef\u00e4rbt sein oder Spuren von Farbe enthalten.<\/p>\n","protected":false},"excerpt":{"rendered":"<p>Gebrauchte Westfalia Dachtr\u00e4gerhalterung. Geeignet f\u00fcr verschiedene Arten von Anh\u00e4ngern und kann auch f\u00fcr die Dachtr\u00e4ger von T1- und T2-Bussen verwendet werden. Diese Halterung wurde verwendet. Das bedeutet, dass es eine leichte Form von Rost, Kratzern und anderen Gebrauchsspuren aufweisen kann. Dieses Produkt kann auch eingef\u00e4rbt sein oder Spuren von Farbe enthalten.<\/p>\n","protected":false},"featured_media":0,"template":"","meta":[],"product_cat":[940,943,778,896,777],"product_tag":[],"_links":{"self":[{"href":"https:\/\/westys.nl\/de\/wp-json\/wp\/v2\/product\/33121"}],"collection":[{"href":"https:\/\/westys.nl\/de\/wp-json\/wp\/v2\/product"}],"about":[{"href":"https:\/\/westys.nl\/de\/wp-json\/wp\/v2\/types\/product"}],"version-history":[{"count":1,"href":"https:\/\/westys.nl\/de\/wp-json\/wp\/v2\/product\/33121\/revisions"}],"predecessor-version":[{"id":33123,"href":"https:\/\/westys.nl\/de\/wp-json\/wp\/v2\/product\/33121\/revisions\/33123"}],"wp:attachment":[{"href":"https:\/\/westys.nl\/de\/wp-json\/wp\/v2\/media?parent=33121"}],"wp:term":[{"taxonomy":"product_cat","embeddable":true,"href":"https:\/\/westys.nl\/de\/wp-json\/wp\/v2\/product_cat?post=33121"},{"taxonomy":"product_tag","embeddable":true,"href":"https:\/\/westys.nl\/de\/wp-json\/wp\/v2\/product_tag?post=33121"}],"curies":[{"name":"wp","href":"https:\/\/api.w.org\/{rel}","templated":true}]}}