{"id":33449,"date":"2024-08-28T07:41:55","date_gmt":"2024-08-28T07:41:55","guid":{"rendered":"https:\/\/westys.nl\/?post_type=product&#038;p=33449"},"modified":"2024-08-28T12:27:40","modified_gmt":"2024-08-28T12:27:40","slug":"oldtimer-westfalen-beerdigungsanhanger-fenster-gummi-mit-aussparung-leisten","status":"publish","type":"product","link":"https:\/\/westys.nl\/de\/product\/oldtimer-westfalen-beerdigungsanhanger-fenster-gummi-mit-aussparung-leisten\/","title":{"rendered":"Oldtimer Westfalia Bestattungsanh\u00e4nger Fenstergummi mit Aussparung f\u00fcr Leiste"},"content":{"rendered":"<p>Westfalia Bestattungsanh\u00e4nger Fenstergummi mit Aussparung f\u00fcr Leiste. Der Preis gilt pro Meter.<\/p>\n","protected":false},"excerpt":{"rendered":"<p>Westfalia Bestattungsanh\u00e4nger Fenstergummi mit Aussparung f\u00fcr Leiste. Der Preis gilt pro Meter.<\/p>\n","protected":false},"featured_media":0,"template":"","meta":[],"product_cat":[729,695],"product_tag":[],"_links":{"self":[{"href":"https:\/\/westys.nl\/de\/wp-json\/wp\/v2\/product\/33449"}],"collection":[{"href":"https:\/\/westys.nl\/de\/wp-json\/wp\/v2\/product"}],"about":[{"href":"https:\/\/westys.nl\/de\/wp-json\/wp\/v2\/types\/product"}],"version-history":[{"count":3,"href":"https:\/\/westys.nl\/de\/wp-json\/wp\/v2\/product\/33449\/revisions"}],"predecessor-version":[{"id":33456,"href":"https:\/\/westys.nl\/de\/wp-json\/wp\/v2\/product\/33449\/revisions\/33456"}],"wp:attachment":[{"href":"https:\/\/westys.nl\/de\/wp-json\/wp\/v2\/media?parent=33449"}],"wp:term":[{"taxonomy":"product_cat","embeddable":true,"href":"https:\/\/westys.nl\/de\/wp-json\/wp\/v2\/product_cat?post=33449"},{"taxonomy":"product_tag","embeddable":true,"href":"https:\/\/westys.nl\/de\/wp-json\/wp\/v2\/product_tag?post=33449"}],"curies":[{"name":"wp","href":"https:\/\/api.w.org\/{rel}","templated":true}]}}