{"id":33470,"date":"2024-09-12T11:54:12","date_gmt":"2024-09-12T11:54:12","guid":{"rendered":"https:\/\/westys.nl\/?post_type=product&#038;p=33470"},"modified":"2024-09-12T12:04:44","modified_gmt":"2024-09-12T12:04:44","slug":"oldtimer-westfalia-anhanger-kreuztur-griff-aussen","status":"publish","type":"product","link":"https:\/\/westys.nl\/de\/product\/oldtimer-westfalia-anhanger-kreuztur-griff-aussen\/","title":{"rendered":"Oldtimer Westfalia Anh\u00e4nger Kreuzt\u00fcrgriff au\u00dfen"},"content":{"rendered":"<p>Westfalia Anh\u00e4nger Kreuzt\u00fcrgriff au\u00dfen.<br \/>\nDieser T\u00fcrgriff kann mit Anh\u00e4ngern und Autos verwendet werden.  Geeignet f\u00fcr einen 8 mm Vierkantschaft mit einem H.Oh. Abstand zu den Befestigungsl\u00f6chern von 34 mm. Kommt mit 2 Schl\u00fcsseln. Es ist auch m\u00f6glich, mehrere T\u00fcrgriffe zu bestellen, die mit 1 Schl\u00fcsselsatz funktionieren. Bitte geben Sie dies per E-Mail an und kann sich auf die Lieferzeit auswirken. Der T\u00fcrgriff wird ohne Dichtung geliefert. Diese kann separat \u00fcber den Webshop bestellt werden.<\/p>\n","protected":false},"excerpt":{"rendered":"<p>Westfalia Anh\u00e4nger Kreuzt\u00fcrgriff au\u00dfen. Dieser T\u00fcrgriff kann mit Anh\u00e4ngern und Autos verwendet werden. Geeignet f\u00fcr einen 8 mm Vierkantschaft mit einem H.Oh. Abstand zu den Befestigungsl\u00f6chern von 34 mm. Kommt mit 2 Schl\u00fcsseln. Es ist auch m\u00f6glich, mehrere T\u00fcrgriffe zu bestellen, die mit 1 Schl\u00fcsselsatz funktionieren. Bitte geben Sie dies per E-Mail an und kann [&hellip;]<\/p>\n","protected":false},"featured_media":33481,"template":"","meta":[],"product_cat":[814,695,698,696,697,689,690],"product_tag":[],"_links":{"self":[{"href":"https:\/\/westys.nl\/de\/wp-json\/wp\/v2\/product\/33470"}],"collection":[{"href":"https:\/\/westys.nl\/de\/wp-json\/wp\/v2\/product"}],"about":[{"href":"https:\/\/westys.nl\/de\/wp-json\/wp\/v2\/types\/product"}],"version-history":[{"count":2,"href":"https:\/\/westys.nl\/de\/wp-json\/wp\/v2\/product\/33470\/revisions"}],"predecessor-version":[{"id":33478,"href":"https:\/\/westys.nl\/de\/wp-json\/wp\/v2\/product\/33470\/revisions\/33478"}],"wp:featuredmedia":[{"embeddable":true,"href":"https:\/\/westys.nl\/de\/wp-json\/wp\/v2\/media\/33481"}],"wp:attachment":[{"href":"https:\/\/westys.nl\/de\/wp-json\/wp\/v2\/media?parent=33470"}],"wp:term":[{"taxonomy":"product_cat","embeddable":true,"href":"https:\/\/westys.nl\/de\/wp-json\/wp\/v2\/product_cat?post=33470"},{"taxonomy":"product_tag","embeddable":true,"href":"https:\/\/westys.nl\/de\/wp-json\/wp\/v2\/product_tag?post=33470"}],"curies":[{"name":"wp","href":"https:\/\/api.w.org\/{rel}","templated":true}]}}