{"id":25591,"date":"2020-11-21T07:26:27","date_gmt":"2020-11-21T07:26:27","guid":{"rendered":"https:\/\/westys.nl\/product\/oldtimer-westfalia-trailer-collar-bushing-for-wheel-bearing-o47-20\/"},"modified":"2023-10-03T10:11:45","modified_gmt":"2023-10-03T10:11:45","slug":"oldtimer-westfalia-trailer-knife-collar-bush-t-b-v-wheel-bearing-o47","status":"publish","type":"product","link":"https:\/\/westys.nl\/en\/product\/oldtimer-westfalia-trailer-knife-collar-bush-t-b-v-wheel-bearing-o47\/","title":{"rendered":"Oldtimer Westfalia trailer collar bushing for wheel bearing \u00f847-20"},"content":{"rendered":"<p>Westfalia Essen collar bushing for wheel bearing \u00f847-20. Suitable for a rim with a wheel bearing \u00f847-20.<\/p>\n<p class=\"product_title entry-title\">\n","protected":false},"excerpt":{"rendered":"<p>Westfalia Essen collar bushing for wheel bearing \u00f847-20. Suitable for a rim with a wheel bearing \u00f847-20.<\/p>\n","protected":false},"featured_media":21757,"template":"","meta":[],"product_cat":[782,788],"product_tag":[],"_links":{"self":[{"href":"https:\/\/westys.nl\/en\/wp-json\/wp\/v2\/product\/25591"}],"collection":[{"href":"https:\/\/westys.nl\/en\/wp-json\/wp\/v2\/product"}],"about":[{"href":"https:\/\/westys.nl\/en\/wp-json\/wp\/v2\/types\/product"}],"version-history":[{"count":1,"href":"https:\/\/westys.nl\/en\/wp-json\/wp\/v2\/product\/25591\/revisions"}],"predecessor-version":[{"id":25594,"href":"https:\/\/westys.nl\/en\/wp-json\/wp\/v2\/product\/25591\/revisions\/25594"}],"wp:featuredmedia":[{"embeddable":true,"href":"https:\/\/westys.nl\/en\/wp-json\/wp\/v2\/media\/21757"}],"wp:attachment":[{"href":"https:\/\/westys.nl\/en\/wp-json\/wp\/v2\/media?parent=25591"}],"wp:term":[{"taxonomy":"product_cat","embeddable":true,"href":"https:\/\/westys.nl\/en\/wp-json\/wp\/v2\/product_cat?post=25591"},{"taxonomy":"product_tag","embeddable":true,"href":"https:\/\/westys.nl\/en\/wp-json\/wp\/v2\/product_tag?post=25591"}],"curies":[{"name":"wp","href":"https:\/\/api.w.org\/{rel}","templated":true}]}}