{"id":25992,"date":"2021-11-10T10:56:51","date_gmt":"2021-11-10T10:56:51","guid":{"rendered":"https:\/\/westys.nl\/product\/oldtimer-westfalia-trailer-4-00-x-8-inch-wheel-bearing-o47-o17\/"},"modified":"2023-10-03T12:14:23","modified_gmt":"2023-10-03T12:14:23","slug":"oldtimer-westfalia-trailer-4-00-x-8-inch-wheel-bearing","status":"publish","type":"product","link":"https:\/\/westys.nl\/en\/product\/oldtimer-westfalia-trailer-4-00-x-8-inch-wheel-bearing\/","title":{"rendered":"Oldtimer Westfalia trailer 4.00 x 8 inch wheel bearing \u00f847-\u00f817"},"content":{"rendered":"<p>Westfalia Essen wheel bearing \u00f847.<br \/>\nThe bearing has the dimensions \u00f847-\u00f817 mm and is 14 mm thick.<\/p>\n","protected":false},"excerpt":{"rendered":"<p>Westfalia Essen wheel bearing \u00f847. The bearing has the dimensions \u00f847-\u00f817 mm and is 14 mm thick.<\/p>\n","protected":false},"featured_media":21730,"template":"","meta":[],"product_cat":[812,757,782],"product_tag":[],"_links":{"self":[{"href":"https:\/\/westys.nl\/en\/wp-json\/wp\/v2\/product\/25992"}],"collection":[{"href":"https:\/\/westys.nl\/en\/wp-json\/wp\/v2\/product"}],"about":[{"href":"https:\/\/westys.nl\/en\/wp-json\/wp\/v2\/types\/product"}],"version-history":[{"count":1,"href":"https:\/\/westys.nl\/en\/wp-json\/wp\/v2\/product\/25992\/revisions"}],"predecessor-version":[{"id":25994,"href":"https:\/\/westys.nl\/en\/wp-json\/wp\/v2\/product\/25992\/revisions\/25994"}],"wp:featuredmedia":[{"embeddable":true,"href":"https:\/\/westys.nl\/en\/wp-json\/wp\/v2\/media\/21730"}],"wp:attachment":[{"href":"https:\/\/westys.nl\/en\/wp-json\/wp\/v2\/media?parent=25992"}],"wp:term":[{"taxonomy":"product_cat","embeddable":true,"href":"https:\/\/westys.nl\/en\/wp-json\/wp\/v2\/product_cat?post=25992"},{"taxonomy":"product_tag","embeddable":true,"href":"https:\/\/westys.nl\/en\/wp-json\/wp\/v2\/product_tag?post=25992"}],"curies":[{"name":"wp","href":"https:\/\/api.w.org\/{rel}","templated":true}]}}