{"id":26294,"date":"2020-03-30T19:11:29","date_gmt":"2020-03-30T19:11:29","guid":{"rendered":"https:\/\/westys.nl\/product\/oldtimer-westfalia-trailer-4-00-x-8-inch-wheel-bearing-o47-o20\/"},"modified":"2020-03-30T19:11:29","modified_gmt":"2020-03-30T19:11:29","slug":"westfalia-ash-wheel-bearing-o47","status":"publish","type":"product","link":"https:\/\/westys.nl\/en\/product\/westfalia-ash-wheel-bearing-o47\/","title":{"rendered":"Oldtimer Westfalia trailer 4.00 x 8 inch wheel bearing \u00f847-\u00f820"},"content":{"rendered":"<p>Westfalia Essen wheel bearing \u00f847.<\/p>\n<p>The bearing has the dimensions \u00f847-\u00f820 mm and is 14 mm thick.<\/p>\n","protected":false},"excerpt":{"rendered":"<p>Westfalia Essen wheel bearing \u00f847. The bearing has the dimensions \u00f847-\u00f820 mm and is 14 mm thick.<\/p>\n","protected":false},"featured_media":21733,"template":"","meta":[],"product_cat":[812,757,782,788],"product_tag":[],"_links":{"self":[{"href":"https:\/\/westys.nl\/en\/wp-json\/wp\/v2\/product\/26294"}],"collection":[{"href":"https:\/\/westys.nl\/en\/wp-json\/wp\/v2\/product"}],"about":[{"href":"https:\/\/westys.nl\/en\/wp-json\/wp\/v2\/types\/product"}],"version-history":[{"count":0,"href":"https:\/\/westys.nl\/en\/wp-json\/wp\/v2\/product\/26294\/revisions"}],"wp:featuredmedia":[{"embeddable":true,"href":"https:\/\/westys.nl\/en\/wp-json\/wp\/v2\/media\/21733"}],"wp:attachment":[{"href":"https:\/\/westys.nl\/en\/wp-json\/wp\/v2\/media?parent=26294"}],"wp:term":[{"taxonomy":"product_cat","embeddable":true,"href":"https:\/\/westys.nl\/en\/wp-json\/wp\/v2\/product_cat?post=26294"},{"taxonomy":"product_tag","embeddable":true,"href":"https:\/\/westys.nl\/en\/wp-json\/wp\/v2\/product_tag?post=26294"}],"curies":[{"name":"wp","href":"https:\/\/api.w.org\/{rel}","templated":true}]}}