{"id":26323,"date":"2020-02-16T11:34:51","date_gmt":"2020-02-16T11:34:51","guid":{"rendered":"https:\/\/westys.nl\/product\/oldtimer-westfalia-trailer-essen-wheel-bearing-o40-o17\/"},"modified":"2020-02-16T11:34:51","modified_gmt":"2020-02-16T11:34:51","slug":"westfalia-essen-wheel-bearing-o40","status":"publish","type":"product","link":"https:\/\/westys.nl\/en\/product\/westfalia-essen-wheel-bearing-o40\/","title":{"rendered":"Oldtimer Westfalia trailer Essen wheel bearing \u00f840-\u00f817"},"content":{"rendered":"<p><span lang=\"en\">Westfalia Essen wheel bearing \u00f840. The bearing has the dimensions \u00f840-\u00f817 mm and is 12 mm thick.<\/span><\/p>\n","protected":false},"excerpt":{"rendered":"<p>Westfalia Essen wheel bearing \u00f840. The bearing has the dimensions \u00f840-\u00f817 mm and is 12 mm thick.<\/p>\n","protected":false},"featured_media":21730,"template":"","meta":[],"product_cat":[812,757,782,788],"product_tag":[],"_links":{"self":[{"href":"https:\/\/westys.nl\/en\/wp-json\/wp\/v2\/product\/26323"}],"collection":[{"href":"https:\/\/westys.nl\/en\/wp-json\/wp\/v2\/product"}],"about":[{"href":"https:\/\/westys.nl\/en\/wp-json\/wp\/v2\/types\/product"}],"version-history":[{"count":0,"href":"https:\/\/westys.nl\/en\/wp-json\/wp\/v2\/product\/26323\/revisions"}],"wp:featuredmedia":[{"embeddable":true,"href":"https:\/\/westys.nl\/en\/wp-json\/wp\/v2\/media\/21730"}],"wp:attachment":[{"href":"https:\/\/westys.nl\/en\/wp-json\/wp\/v2\/media?parent=26323"}],"wp:term":[{"taxonomy":"product_cat","embeddable":true,"href":"https:\/\/westys.nl\/en\/wp-json\/wp\/v2\/product_cat?post=26323"},{"taxonomy":"product_tag","embeddable":true,"href":"https:\/\/westys.nl\/en\/wp-json\/wp\/v2\/product_tag?post=26323"}],"curies":[{"name":"wp","href":"https:\/\/api.w.org\/{rel}","templated":true}]}}