{"id":26339,"date":"2020-02-16T11:16:00","date_gmt":"2020-02-16T11:16:00","guid":{"rendered":"https:\/\/westys.nl\/product\/oldtimer-westfalia-trailer-4-00-x-8-inch-wheel-bearing-o40-o17\/"},"modified":"2020-02-16T11:16:00","modified_gmt":"2020-02-16T11:16:00","slug":"westfalia-ash-wheel-bearing-o40","status":"publish","type":"product","link":"https:\/\/westys.nl\/en\/product\/westfalia-ash-wheel-bearing-o40\/","title":{"rendered":"Oldtimer Westfalia trailer 4.00 x 8 inch wheel bearing \u00f840-\u00f817"},"content":{"rendered":"<p>Westfalia Essen wheel bearing \u00f840.<br \/>\nThe bearing has the dimensions \u00f840-\u00f817 mm and is 12 mm thick.<\/p>\n","protected":false},"excerpt":{"rendered":"<p>Westfalia Essen wheel bearing \u00f840. The bearing has the dimensions \u00f840-\u00f817 mm and is 12 mm thick.<\/p>\n","protected":false},"featured_media":21730,"template":"","meta":[],"product_cat":[812,757,782,788],"product_tag":[],"_links":{"self":[{"href":"https:\/\/westys.nl\/en\/wp-json\/wp\/v2\/product\/26339"}],"collection":[{"href":"https:\/\/westys.nl\/en\/wp-json\/wp\/v2\/product"}],"about":[{"href":"https:\/\/westys.nl\/en\/wp-json\/wp\/v2\/types\/product"}],"version-history":[{"count":0,"href":"https:\/\/westys.nl\/en\/wp-json\/wp\/v2\/product\/26339\/revisions"}],"wp:featuredmedia":[{"embeddable":true,"href":"https:\/\/westys.nl\/en\/wp-json\/wp\/v2\/media\/21730"}],"wp:attachment":[{"href":"https:\/\/westys.nl\/en\/wp-json\/wp\/v2\/media?parent=26339"}],"wp:term":[{"taxonomy":"product_cat","embeddable":true,"href":"https:\/\/westys.nl\/en\/wp-json\/wp\/v2\/product_cat?post=26339"},{"taxonomy":"product_tag","embeddable":true,"href":"https:\/\/westys.nl\/en\/wp-json\/wp\/v2\/product_tag?post=26339"}],"curies":[{"name":"wp","href":"https:\/\/api.w.org\/{rel}","templated":true}]}}